{"id":2,"date":"2022-03-20T21:26:20","date_gmt":"2022-03-20T21:26:20","guid":{"rendered":"http:\/\/stevensadvogado.com.br\/?page_id=2"},"modified":"2024-07-21T21:46:19","modified_gmt":"2024-07-21T21:46:19","slug":"sample-page","status":"publish","type":"page","link":"https:\/\/stevensadvogado.com.br\/","title":{"rendered":"Advogado Trabalhista em S\u00e3o Paulo"},"content":{"rendered":"\n<div class=\"wp-block-columns is-layout-flex wp-container-core-columns-is-layout-9d6595d7 wp-block-columns-is-layout-flex\">\n<div class=\"wp-block-column is-layout-flow wp-block-column-is-layout-flow\" style=\"flex-basis:66.66%\">\n<p>Forma\u00e7\u00e3o em Direito e P\u00f3s Gradua\u00e7\u00e3o em Administra\u00e7\u00e3o de Empresas pela FGV &#8211; SP<\/p>\n\n\n\n<p>Atua\u00e7\u00e3o e pr\u00e1tica profissional desde 2002<\/p>\n\n\n\n<p>Presta\u00e7\u00e3o de servi\u00e7os jur\u00eddicos para empregados e empregadores<\/p>\n\n\n\n<p>Representa e defende os interesses dos clientes na Justi\u00e7a do Trabalho<\/p>\n\n\n\n<p>Reclama\u00e7\u00f5es trabalhistas, defesas, recursos, acordos e execu\u00e7\u00f5es<\/p>\n\n\n\n<p>Atendimento a diversos segmentos de mercado e setores profissionais<\/p>\n\n\n\n<p>Acompanhamento das a\u00e7\u00f5es judiciais em todas as fases do processo<\/p>\n\n\n\n<p>Participa\u00e7\u00e3o em audi\u00eancias e sustenta\u00e7\u00e3o oral<\/p>\n\n\n\n<p>Plano de estrat\u00e9gias com foco no resultado e objetivo do cliente<\/p>\n\n\n\n<p>Atendimento personalizado e exclusivo<\/p>\n<\/div>\n\n\n\n<div class=\"wp-block-column is-layout-flow wp-block-column-is-layout-flow\">\n<div class=\"wp-block-image is-style-default\"><figure class=\"aligncenter size-large\"><img decoding=\"async\" width=\"1024\" height=\"790\" src=\"http:\/\/stevensadvogado.com.br\/wp-content\/uploads\/2022\/04\/Stevens-Advogado-Trabalhista-1024x790.jpg\" alt=\"Renato Stevens Advogado Trabalhista\" class=\"wp-image-71\" srcset=\"https:\/\/stevensadvogado.com.br\/wp-content\/uploads\/2022\/04\/Stevens-Advogado-Trabalhista-1024x790.jpg 1024w, https:\/\/stevensadvogado.com.br\/wp-content\/uploads\/2022\/04\/Stevens-Advogado-Trabalhista-300x232.jpg 300w, https:\/\/stevensadvogado.com.br\/wp-content\/uploads\/2022\/04\/Stevens-Advogado-Trabalhista-768x593.jpg 768w, https:\/\/stevensadvogado.com.br\/wp-content\/uploads\/2022\/04\/Stevens-Advogado-Trabalhista-1536x1186.jpg 1536w, https:\/\/stevensadvogado.com.br\/wp-content\/uploads\/2022\/04\/Stevens-Advogado-Trabalhista-2048x1581.jpg 2048w\" sizes=\"(max-width: 1024px) 100vw, 1024px\" \/><\/figure><\/div>\n<\/div>\n<\/div>\n\n\n\n<hr class=\"wp-block-separator has-text-color has-background has-black-background-color has-black-color is-style-wide\"\/>\n\n\n\n<div class=\"wp-block-columns is-layout-flex wp-container-core-columns-is-layout-9d6595d7 wp-block-columns-is-layout-flex\">\n<div class=\"wp-block-column is-layout-flow wp-block-column-is-layout-flow\">\n<h3 class=\"has-text-align-center wp-block-heading\">Empregados<\/h3>\n\n\n\n<ul class=\"wp-block-list\"><li>V\u00ednculo de Emprego<\/li><li>Rescis\u00e3o Indireta<\/li><li>Justa Causa e Sem Justa Causa<\/li><li>Verbas Rescis\u00f3rias<\/li><li>Aviso Pr\u00e9vio<\/li><li>Hora Extra<\/li><li>Intervalo Intrajornada<\/li><li>Trabalho Noturno<\/li><li>F\u00e9rias e 13\u00ba Sal\u00e1rio<\/li><li>Adicional de Insalubridade e Periculosidade<\/li><li>Dano Moral e Dano Material<\/li><li>Ass\u00e9dio e Discrimina\u00e7\u00e3o<\/li><li>Acidente de Trabalho<\/li><li>FGTS e Seguro Desemprego<\/li><\/ul>\n<\/div>\n\n\n\n<div class=\"wp-block-column is-layout-flow wp-block-column-is-layout-flow\">\n<h3 class=\"has-text-align-center wp-block-heading\">Empregadores<\/h3>\n\n\n\n<ul class=\"wp-block-list\"><li>Responsabilidade Solid\u00e1ria \/ Subsidi\u00e1ria<\/li><li>Grupo Econ\u00f4mico<\/li><li>Sucess\u00e3o Empresarial<\/li><li>Preven\u00e7\u00e3o de Lit\u00edgios Trabalhistas<\/li><li>Minimiza\u00e7\u00e3o de Riscos<\/li><li>Redu\u00e7\u00e3o de Passivo Trabalhista<\/li><li>Media\u00e7\u00e3o de Conflitos<\/li><li>Negocia\u00e7\u00e3o de Acordos<\/li><\/ul>\n<\/div>\n<\/div>\n\n\n\n<hr class=\"wp-block-separator has-text-color has-background has-black-background-color has-black-color is-style-wide\"\/>\n\n\n\n<h3 class=\"wp-block-heading\">Parceiros Profissionais<\/h3>\n\n\n\n<p>Parceria com outros escrit\u00f3rios e profissionais do Direito, buscando atender as necessidades dos clientes<\/p>\n\n\n\n<ul class=\"wp-block-list\"><li>Direito Tribut\u00e1rio<\/li><li>Direito Civil<\/li><li>Direito Fam\u00edlia<\/li><li>Direito Criminal<\/li><\/ul>\n\n\n\n<hr class=\"wp-block-separator has-text-color has-background has-black-background-color has-black-color is-style-wide\"\/>\n\n\n\n<div class=\"wp-block-columns is-layout-flex wp-container-core-columns-is-layout-9d6595d7 wp-block-columns-is-layout-flex\">\n<div class=\"wp-block-column is-layout-flow wp-block-column-is-layout-flow\">\n<h3 class=\"wp-block-heading\">Contato<\/h3>\n\n\n\n<p>Renato Maur\u00edcio Stevens<\/p>\n\n\n\n<p>Tel. +55 11 99972-6294<\/p>\n\n\n\n<p>rstevensadv@gmail.com<\/p>\n<\/div>\n\n\n\n<div class=\"wp-block-column is-layout-flow wp-block-column-is-layout-flow\">\n<h3 class=\"wp-block-heading\">Localiza\u00e7\u00e3o<\/h3>\n\n\n\n<p>Rua Top\u00e1zio, n\u00ba 730, conjunto 01<\/p>\n\n\n\n<p>Vila Mariana \/ Aclima\u00e7\u00e3o &#8211; CEP 04105-063<\/p>\n\n\n\n<p>S\u00e3o Paulo &#8211; SP<\/p>\n<\/div>\n<\/div>\n\n\n\n<div><iframe src=\"https:\/\/maps.google.com\/maps?q=rua+topazio+730&amp;z=16&amp;t=m&amp;output=embed\" style=\"border:0;height:360px;width:100%\"><\/iframe><\/div>\n","protected":false},"excerpt":{"rendered":"<p>Forma\u00e7\u00e3o em Direito e P\u00f3s Gradua\u00e7\u00e3o em Administra\u00e7\u00e3o de Empresas pela FGV &#8211; SP Atua\u00e7\u00e3o e pr\u00e1tica profissional desde 2002 Presta\u00e7\u00e3o de servi\u00e7os jur\u00eddicos para empregados e empregadores Representa e defende os interesses dos clientes na Justi\u00e7a do Trabalho Reclama\u00e7\u00f5es trabalhistas, defesas, recursos, acordos e execu\u00e7\u00f5es Atendimento a diversos segmentos de mercado e setores profissionais [&hellip;]<\/p>\n","protected":false},"author":1,"featured_media":0,"parent":0,"menu_order":0,"comment_status":"closed","ping_status":"closed","template":"","meta":{"footnotes":""},"class_list":["post-2","page","type-page","status-publish","hentry"],"aioseo_notices":[],"_links":{"self":[{"href":"https:\/\/stevensadvogado.com.br\/index.php\/wp-json\/wp\/v2\/pages\/2","targetHints":{"allow":["GET"]}}],"collection":[{"href":"https:\/\/stevensadvogado.com.br\/index.php\/wp-json\/wp\/v2\/pages"}],"about":[{"href":"https:\/\/stevensadvogado.com.br\/index.php\/wp-json\/wp\/v2\/types\/page"}],"author":[{"embeddable":true,"href":"https:\/\/stevensadvogado.com.br\/index.php\/wp-json\/wp\/v2\/users\/1"}],"replies":[{"embeddable":true,"href":"https:\/\/stevensadvogado.com.br\/index.php\/wp-json\/wp\/v2\/comments?post=2"}],"version-history":[{"count":60,"href":"https:\/\/stevensadvogado.com.br\/index.php\/wp-json\/wp\/v2\/pages\/2\/revisions"}],"predecessor-version":[{"id":137,"href":"https:\/\/stevensadvogado.com.br\/index.php\/wp-json\/wp\/v2\/pages\/2\/revisions\/137"}],"wp:attachment":[{"href":"https:\/\/stevensadvogado.com.br\/index.php\/wp-json\/wp\/v2\/media?parent=2"}],"curies":[{"name":"wp","href":"https:\/\/api.w.org\/{rel}","templated":true}]}}